{"id":533,"date":"2025-07-07T15:18:05","date_gmt":"2025-07-07T15:18:05","guid":{"rendered":"https:\/\/goldenway.liveblog365.com\/?page_id=533"},"modified":"2025-07-10T06:42:35","modified_gmt":"2025-07-10T06:42:35","slug":"dich-vu","status":"publish","type":"page","link":"https:\/\/goldenway.ai\/en\/dich-vu\/","title":{"rendered":"Di\u0323ch vu\u0323"},"content":{"rendered":"<div class=\"banner has-hover is-full-height\" id=\"banner-2026365917\">\n          <div class=\"banner-inner fill\">\n        <div class=\"banner-bg fill\" >\n            <img loading=\"lazy\" decoding=\"async\" width=\"1020\" height=\"554\" src=\"https:\/\/goldenway.ai\/wp-content\/uploads\/2025\/06\/z6733748381388_19165ff9d468185dac7ed3090d3f59df-1400x761.jpg\" class=\"bg attachment-large size-large\" alt=\"\" \/>                                    \n                    <\/div>\n\t\t\n        <div class=\"banner-layers container\">\n            <div class=\"fill banner-link\"><\/div>            \n\n   <div id=\"text-box-1855861120\" class=\"text-box banner-layer x50 md-x50 lg-x50 y50 md-y50 lg-y50 res-text\">\n                     <div data-animate=\"fadeInUp\">           <div class=\"text-box-content text\">\n              \n              <div class=\"text-inner text-center\">\n                  \n\n\t<div id=\"text-1656214056\" class=\"text\">\n\t\t\n\n<h2 class=\"thin-font\"><span style=\"font-size: 170%;\" data-animate=\"fadeInLeft\"><strong>Di\u0323ch vu\u0323<\/strong><\/span><\/h2>\n\t\t\n<style>\n#text-1656214056 {\n  color: rgb(255,255,255);\n}\n#text-1656214056 > * {\n  color: rgb(255,255,255);\n}\n<\/style>\n\t<\/div>\n\t\n<div class=\"is-divider divider clearfix\" ><\/div>\n\n\n              <\/div>\n           <\/div>\n       <\/div>                     \n<style>\n#text-box-1855861120 {\n  width: 85%;\n}\n#text-box-1855861120 .text-box-content {\n  font-size: 100%;\n}\n@media (min-width:550px) {\n  #text-box-1855861120 {\n    width: 61%;\n  }\n}\n<\/style>\n    <\/div>\n \n\n        <\/div>\n      <\/div>\n\n            \n<style>\n#banner-2026365917 {\n  padding-top: 100%;\n  background-color: #FFF;\n}\n<\/style>\n  <\/div>\n\n\n\t\n  \n    <div class=\"row large-columns-4 medium-columns-3 small-columns-1 row-small slider row-slider slider-nav-simple slider-nav-outside\"  data-flickity-options='{&quot;imagesLoaded&quot;: true, &quot;groupCells&quot;: &quot;100%&quot;, &quot;dragThreshold&quot; : 5, &quot;cellAlign&quot;: &quot;left&quot;,&quot;wrapAround&quot;: true,&quot;prevNextButtons&quot;: true,&quot;percentPosition&quot;: true,&quot;pageDots&quot;: false, &quot;rightToLeft&quot;: false, &quot;autoPlay&quot; : false}' >\n\n  <\/div>\n\n<div class=\"container section-title-container\" style=\"margin-top:25px;\"><h3 class=\"section-title section-title-center\"><b><\/b><span class=\"section-title-main\" style=\"font-size:undefined%;\">Di\u0323ch vu\u0323<\/span><b><\/b><\/h3><\/div>\n\n\n\t<section class=\"section s2\" id=\"section_1068145928\">\n\t\t<div class=\"section-bg fill\" >\n\t\t\t\t\t\t\t\t\t\n\t\t\t\n\n\t\t<\/div>\n\n\t\t\n\n\t\t<div class=\"section-content relative\">\n\t\t\t\n\n<div class=\"row align-center section-12\"  id=\"row-527445272\">\n\n\n\t<div id=\"col-592036806\" class=\"col small-12 large-12\"  >\n\t\t\t\t<div class=\"col-inner\"  >\n\t\t\t\n\t\t\t\n\n\t<div id=\"text-94165809\" class=\"text\">\n\t\t\n\n<h1 style=\"font-size:38px;\">GOLDENWAY<\/h1>\n<p class=\"alt-font\">\u0110\u1eb7t d\u1ea5u \u1ea5n trong tr\u00e1i tim kh\u00e1ch h\u00e0ng t\u1eeb kho\u1ea3nh kh\u1eafc \u0111\u1ea7u ti\u00ean<\/p>\n<p><img loading=\"lazy\" decoding=\"async\" class=\"wp-image-489 aligncenter\" src=\"http:\/\/goldenway.liveblog365.com\/wp-content\/uploads\/2025\/07\/7518f1e8-e435-476f-9cfb-7051513187f3-e1751866956328-800x193.png\" alt=\"\" width=\"340\" height=\"82\" srcset=\"https:\/\/goldenway.ai\/wp-content\/uploads\/2025\/07\/7518f1e8-e435-476f-9cfb-7051513187f3-e1751866956328-800x193.png 800w, https:\/\/goldenway.ai\/wp-content\/uploads\/2025\/07\/7518f1e8-e435-476f-9cfb-7051513187f3-e1751866956328-1400x337.png 1400w, https:\/\/goldenway.ai\/wp-content\/uploads\/2025\/07\/7518f1e8-e435-476f-9cfb-7051513187f3-e1751866956328-768x185.png 768w, https:\/\/goldenway.ai\/wp-content\/uploads\/2025\/07\/7518f1e8-e435-476f-9cfb-7051513187f3-e1751866956328-600x145.png 600w, https:\/\/goldenway.ai\/wp-content\/uploads\/2025\/07\/7518f1e8-e435-476f-9cfb-7051513187f3-e1751866956328.png 1536w\" sizes=\"auto, (max-width: 340px) 100vw, 340px\" \/><\/p>\n\t\t\n<style>\n#text-94165809 {\n  text-align: center;\n  color: rgb(249, 157, 21);\n}\n#text-94165809 > * {\n  color: rgb(249, 157, 21);\n}\n<\/style>\n\t<\/div>\n\t\n\n\t\t<\/div>\n\t\t\t\t\t<\/div>\n\n\t\n\n\t<div id=\"col-2064999308\" class=\"col small-12 large-12\"  >\n\t\t\t\t<div class=\"col-inner\"  >\n\t\t\t\n\t\t\t\n\n<div class=\"row row-collapse\"  id=\"row-2079284675\">\n\n\n\t<div id=\"col-1376392940\" class=\"col medium-3 small-6 large-3\"  >\n\t\t\t\t<div class=\"col-inner text-center\"  >\n\t\t\t\n\t\t\t\n\n\t<div class=\"img has-hover x md-x lg-x y md-y lg-y\" id=\"image_2142946889\">\n\t\t<a class=\"\" href=\"\/en\/billboard\/\" target=\"_blank\" rel=\"noopener\" >\t\t\t\t\t\t<div class=\"img-inner dark\" >\n\t\t\t<img loading=\"lazy\" decoding=\"async\" width=\"1024\" height=\"1024\" src=\"https:\/\/goldenway.ai\/wp-content\/uploads\/2025\/07\/bd8df147-d979-4106-aaed-6456b5666e75.png\" class=\"attachment-original size-original\" alt=\"\" srcset=\"https:\/\/goldenway.ai\/wp-content\/uploads\/2025\/07\/bd8df147-d979-4106-aaed-6456b5666e75.png 1024w, https:\/\/goldenway.ai\/wp-content\/uploads\/2025\/07\/bd8df147-d979-4106-aaed-6456b5666e75-400x400.png 400w\" sizes=\"auto, (max-width: 1024px) 100vw, 1024px\" \/>\t\t\t\t\t\t\n\t\t\t\t\t<\/div>\n\t\t\t\t\t\t<\/a>\t\t\n<style>\n#image_2142946889 {\n  width: 50%;\n}\n<\/style>\n\t<\/div>\n\t\n\n\n\t\t<\/div>\n\t\t\t\t\t<\/div>\n\n\t\n\n\t<div id=\"col-1878906\" class=\"col medium-3 small-6 large-3\"  >\n\t\t\t\t<div class=\"col-inner text-center\"  >\n\t\t\t\n\t\t\t\n\n\t<div class=\"img has-hover x md-x lg-x y md-y lg-y\" id=\"image_1301744118\">\n\t\t<a class=\"\" href=\"\/en\/led\/\" target=\"_blank\" rel=\"noopener\" >\t\t\t\t\t\t<div class=\"img-inner dark\" >\n\t\t\t<img loading=\"lazy\" decoding=\"async\" width=\"1024\" height=\"1024\" src=\"https:\/\/goldenway.ai\/wp-content\/uploads\/2025\/07\/f5746563-c021-468a-bd91-3bbcd40323bb.png\" class=\"attachment-original size-original\" alt=\"\" srcset=\"https:\/\/goldenway.ai\/wp-content\/uploads\/2025\/07\/f5746563-c021-468a-bd91-3bbcd40323bb.png 1024w, https:\/\/goldenway.ai\/wp-content\/uploads\/2025\/07\/f5746563-c021-468a-bd91-3bbcd40323bb-400x400.png 400w\" sizes=\"auto, (max-width: 1024px) 100vw, 1024px\" \/>\t\t\t\t\t\t\n\t\t\t\t\t<\/div>\n\t\t\t\t\t\t<\/a>\t\t\n<style>\n#image_1301744118 {\n  width: 50%;\n}\n<\/style>\n\t<\/div>\n\t\n\n\n\t\t<\/div>\n\t\t\t\t\t<\/div>\n\n\t\n\n\t<div id=\"col-1140511464\" class=\"col medium-3 small-6 large-3\"  >\n\t\t\t\t<div class=\"col-inner text-center\"  >\n\t\t\t\n\t\t\t\n\n\t<div class=\"img has-hover x md-x lg-x y md-y lg-y\" id=\"image_1756199351\">\n\t\t<a class=\"\" href=\"\/en\/roadshow\/\" target=\"_blank\" rel=\"noopener\" >\t\t\t\t\t\t<div class=\"img-inner dark\" >\n\t\t\t<img loading=\"lazy\" decoding=\"async\" width=\"500\" height=\"500\" src=\"https:\/\/goldenway.ai\/wp-content\/uploads\/2025\/07\/1f81280c-f1dc-4e07-83b2-d942f0f8fa5a__1_-removebg-preview.png\" class=\"attachment-original size-original\" alt=\"\" srcset=\"https:\/\/goldenway.ai\/wp-content\/uploads\/2025\/07\/1f81280c-f1dc-4e07-83b2-d942f0f8fa5a__1_-removebg-preview.png 500w, https:\/\/goldenway.ai\/wp-content\/uploads\/2025\/07\/1f81280c-f1dc-4e07-83b2-d942f0f8fa5a__1_-removebg-preview-400x400.png 400w, https:\/\/goldenway.ai\/wp-content\/uploads\/2025\/07\/1f81280c-f1dc-4e07-83b2-d942f0f8fa5a__1_-removebg-preview-280x280.png 280w, https:\/\/goldenway.ai\/wp-content\/uploads\/2025\/07\/1f81280c-f1dc-4e07-83b2-d942f0f8fa5a__1_-removebg-preview-300x300.png 300w, https:\/\/goldenway.ai\/wp-content\/uploads\/2025\/07\/1f81280c-f1dc-4e07-83b2-d942f0f8fa5a__1_-removebg-preview-100x100.png 100w\" sizes=\"auto, (max-width: 500px) 100vw, 500px\" \/>\t\t\t\t\t\t\n\t\t\t\t\t<\/div>\n\t\t\t\t\t\t<\/a>\t\t\n<style>\n#image_1756199351 {\n  width: 51%;\n}\n<\/style>\n\t<\/div>\n\t\n\n\n\t\t<\/div>\n\t\t\t\t\t<\/div>\n\n\t\n\n\t<div id=\"col-1842072639\" class=\"col medium-3 small-6 large-3\"  >\n\t\t\t\t<div class=\"col-inner text-center\"  >\n\t\t\t\n\t\t\t\n\n\t<div class=\"img has-hover x md-x lg-x y md-y lg-y\" id=\"image_770168804\">\n\t\t\t\t\t\t\t\t<div class=\"img-inner dark\" >\n\t\t\t<img loading=\"lazy\" decoding=\"async\" width=\"500\" height=\"500\" src=\"https:\/\/goldenway.ai\/wp-content\/uploads\/2025\/07\/89f950fe-0bee-4371-abc9-1a237737b3f4-removebg-preview.png\" class=\"attachment-original size-original\" alt=\"\" srcset=\"https:\/\/goldenway.ai\/wp-content\/uploads\/2025\/07\/89f950fe-0bee-4371-abc9-1a237737b3f4-removebg-preview.png 500w, https:\/\/goldenway.ai\/wp-content\/uploads\/2025\/07\/89f950fe-0bee-4371-abc9-1a237737b3f4-removebg-preview-400x400.png 400w, https:\/\/goldenway.ai\/wp-content\/uploads\/2025\/07\/89f950fe-0bee-4371-abc9-1a237737b3f4-removebg-preview-280x280.png 280w, https:\/\/goldenway.ai\/wp-content\/uploads\/2025\/07\/89f950fe-0bee-4371-abc9-1a237737b3f4-removebg-preview-300x300.png 300w, https:\/\/goldenway.ai\/wp-content\/uploads\/2025\/07\/89f950fe-0bee-4371-abc9-1a237737b3f4-removebg-preview-100x100.png 100w\" sizes=\"auto, (max-width: 500px) 100vw, 500px\" \/>\t\t\t\t\t\t\n\t\t\t\t\t<\/div>\n\t\t\t\t\t\t\t\t\n<style>\n#image_770168804 {\n  width: 50%;\n}\n<\/style>\n\t<\/div>\n\t\n\n\n\t\t<\/div>\n\t\t\t\t\t<\/div>\n\n\t\n\n<\/div>\n\n\t\t<\/div>\n\t\t\t\t\t<\/div>\n\n\t\n\n<\/div>\n\n\t\t<\/div>\n\n\t\t\n<style>\n#section_1068145928 {\n  padding-top: 30px;\n  padding-bottom: 30px;\n}\n<\/style>\n\t<\/section>\n\t\n\t<div id=\"gap-2022366466\" class=\"gap-element clearfix\" style=\"display:block; height:auto;\">\n\t\t\n<style>\n#gap-2022366466 {\n  padding-top: 30px;\n}\n<\/style>\n\t<\/div>\n\t\n\n<div class=\"container section-title-container\" style=\"margin-top:25px;\"><h3 class=\"section-title section-title-center\"><b><\/b><span class=\"section-title-main\" style=\"font-size:undefined%;\">Tin t\u01b0\u0301c<\/span><b><\/b><\/h3><\/div>\n\n\n  \n    <div class=\"row large-columns-4 medium-columns-3 small-columns-1 slider row-slider slider-nav-reveal\"  data-flickity-options='{&quot;imagesLoaded&quot;: true, &quot;groupCells&quot;: &quot;100%&quot;, &quot;dragThreshold&quot; : 5, &quot;cellAlign&quot;: &quot;left&quot;,&quot;wrapAround&quot;: true,&quot;prevNextButtons&quot;: true,&quot;percentPosition&quot;: true,&quot;pageDots&quot;: false, &quot;rightToLeft&quot;: false, &quot;autoPlay&quot; : false}' >\n\n  <div class=\"col post-item\" >\n\t\t\t<div class=\"col-inner\">\n\t\t\t\t<div class=\"box box-overlay dark box-text-bottom box-blog-post has-hover\">\n            \t\t\t\t\t<div class=\"box-image\" >\n  \t\t\t\t\t\t<div class=\"image-zoom image-cover\" style=\"padding-top:293px;\">\n\t\t\t\t\t\t\t<a href=\"https:\/\/goldenway.ai\/en\/tac-dong-cua-quang-cao-ngoai-troi-den-hanh-vi-nguoi-tieu-dung-trong-boi-canh-do-thi-hoa-nhanh\/\" class=\"plain\" aria-label=\"T\u00c1C \u0110\u1ed8NG C\u1ee6A QU\u1ea2NG C\u00c1O NGO\u00c0I TR\u1edcI \u0110\u1ebeN H\u00c0NH VI NG\u01af\u1edcI TI\u00caU D\u00d9NG TRONG B\u1ed0I C\u1ea2NH \u0110\u00d4 TH\u1eca H\u00d3A NHANH\">\n\t\t\t\t\t\t\t\t<img loading=\"lazy\" decoding=\"async\" width=\"464\" height=\"400\" src=\"https:\/\/goldenway.ai\/wp-content\/uploads\/2025\/07\/1-2048x1767-1-464x400.png\" class=\"attachment-medium size-medium wp-post-image\" alt=\"\" srcset=\"https:\/\/goldenway.ai\/wp-content\/uploads\/2025\/07\/1-2048x1767-1-464x400.png 464w, https:\/\/goldenway.ai\/wp-content\/uploads\/2025\/07\/1-2048x1767-1-927x800.png 927w, https:\/\/goldenway.ai\/wp-content\/uploads\/2025\/07\/1-2048x1767-1-768x663.png 768w, https:\/\/goldenway.ai\/wp-content\/uploads\/2025\/07\/1-2048x1767-1-1536x1325.png 1536w, https:\/\/goldenway.ai\/wp-content\/uploads\/2025\/07\/1-2048x1767-1-600x518.png 600w, https:\/\/goldenway.ai\/wp-content\/uploads\/2025\/07\/1-2048x1767-1.png 2048w\" sizes=\"auto, (max-width: 464px) 100vw, 464px\" \/>\t\t\t\t\t\t\t<\/a>\n  \t\t\t\t\t\t\t<div class=\"overlay\" style=\"background-color: rgba(0,0,0,.25)\"><\/div>  \t\t\t\t\t\t\t  \t\t\t\t\t\t<\/div>\n  \t\t\t\t\t\t  \t\t\t\t\t<\/div>\n          \t\t\t\t\t<div class=\"box-text text-left\" >\n\t\t\t\t\t<div class=\"box-text-inner blog-post-inner\">\n\n\t\t\t\t\t\n\t\t\t\t\t\t\t\t\t\t<h5 class=\"post-title is-large\">\n\t\t\t\t\t\t<a href=\"https:\/\/goldenway.ai\/en\/tac-dong-cua-quang-cao-ngoai-troi-den-hanh-vi-nguoi-tieu-dung-trong-boi-canh-do-thi-hoa-nhanh\/\" class=\"plain\">T\u00c1C \u0110\u1ed8NG C\u1ee6A QU\u1ea2NG C\u00c1O NGO\u00c0I TR\u1edcI \u0110\u1ebeN H\u00c0NH VI NG\u01af\u1edcI TI\u00caU D\u00d9NG TRONG B\u1ed0I C\u1ea2NH \u0110\u00d4 TH\u1eca H\u00d3A NHANH<\/a>\n\t\t\t\t\t<\/h5>\n\t\t\t\t\t<div class=\"post-meta is-small op-8\">07\/07\/2025<\/div>\t\t\t\t\t<div class=\"is-divider\"><\/div>\n\t\t\t\t\t                    \n\t\t\t\t\t\n\t\t\t\t\t\n\t\t\t\t\t<\/div>\n\t\t\t\t\t<\/div>\n\t\t\t\t\t\t\t\t\t<\/div>\n\t\t\t<\/div>\n\t\t<\/div><div class=\"col post-item\" >\n\t\t\t<div class=\"col-inner\">\n\t\t\t\t<div class=\"box box-overlay dark box-text-bottom box-blog-post has-hover\">\n            \t\t\t\t\t<div class=\"box-image\" >\n  \t\t\t\t\t\t<div class=\"image-zoom image-cover\" style=\"padding-top:293px;\">\n\t\t\t\t\t\t\t<a href=\"https:\/\/goldenway.ai\/en\/3d-anamorphic-cong-nghe-truyen-cam-hung-manh-me-cham-den-cam-xuc-nguoi-xem\/\" class=\"plain\" aria-label=\"3D ANAMORPHIC \u2013 C\u00d4NG NGH\u1ec6 TRUY\u1ec0N C\u1ea2M H\u1ee8NG M\u1ea0NH M\u1ebc CH\u1ea0M \u0110\u1ebeN C\u1ea2M X\u00daC NG\u01af\u1edcI XEM\">\n\t\t\t\t\t\t\t\t<img loading=\"lazy\" decoding=\"async\" width=\"533\" height=\"400\" src=\"https:\/\/goldenway.ai\/wp-content\/uploads\/2025\/07\/c38f01251630b56eec2144-1-2048x1536-1-533x400.jpg\" class=\"attachment-medium size-medium wp-post-image\" alt=\"\" srcset=\"https:\/\/goldenway.ai\/wp-content\/uploads\/2025\/07\/c38f01251630b56eec2144-1-2048x1536-1-533x400.jpg 533w, https:\/\/goldenway.ai\/wp-content\/uploads\/2025\/07\/c38f01251630b56eec2144-1-2048x1536-1-1067x800.jpg 1067w, https:\/\/goldenway.ai\/wp-content\/uploads\/2025\/07\/c38f01251630b56eec2144-1-2048x1536-1-768x576.jpg 768w, https:\/\/goldenway.ai\/wp-content\/uploads\/2025\/07\/c38f01251630b56eec2144-1-2048x1536-1-1536x1152.jpg 1536w, https:\/\/goldenway.ai\/wp-content\/uploads\/2025\/07\/c38f01251630b56eec2144-1-2048x1536-1-600x450.jpg 600w, https:\/\/goldenway.ai\/wp-content\/uploads\/2025\/07\/c38f01251630b56eec2144-1-2048x1536-1.jpg 2048w\" sizes=\"auto, (max-width: 533px) 100vw, 533px\" \/>\t\t\t\t\t\t\t<\/a>\n  \t\t\t\t\t\t\t<div class=\"overlay\" style=\"background-color: rgba(0,0,0,.25)\"><\/div>  \t\t\t\t\t\t\t  \t\t\t\t\t\t<\/div>\n  \t\t\t\t\t\t  \t\t\t\t\t<\/div>\n          \t\t\t\t\t<div class=\"box-text text-left\" >\n\t\t\t\t\t<div class=\"box-text-inner blog-post-inner\">\n\n\t\t\t\t\t\n\t\t\t\t\t\t\t\t\t\t<h5 class=\"post-title is-large\">\n\t\t\t\t\t\t<a href=\"https:\/\/goldenway.ai\/en\/3d-anamorphic-cong-nghe-truyen-cam-hung-manh-me-cham-den-cam-xuc-nguoi-xem\/\" class=\"plain\">3D ANAMORPHIC \u2013 C\u00d4NG NGH\u1ec6 TRUY\u1ec0N C\u1ea2M H\u1ee8NG M\u1ea0NH M\u1ebc CH\u1ea0M \u0110\u1ebeN C\u1ea2M X\u00daC NG\u01af\u1edcI XEM<\/a>\n\t\t\t\t\t<\/h5>\n\t\t\t\t\t<div class=\"post-meta is-small op-8\">07\/07\/2025<\/div>\t\t\t\t\t<div class=\"is-divider\"><\/div>\n\t\t\t\t\t                    \n\t\t\t\t\t\n\t\t\t\t\t\n\t\t\t\t\t<\/div>\n\t\t\t\t\t<\/div>\n\t\t\t\t\t\t\t\t\t<\/div>\n\t\t\t<\/div>\n\t\t<\/div><div class=\"col post-item\" >\n\t\t\t<div class=\"col-inner\">\n\t\t\t\t<div class=\"box box-overlay dark box-text-bottom box-blog-post has-hover\">\n            \t\t\t\t\t<div class=\"box-image\" >\n  \t\t\t\t\t\t<div class=\"image-zoom image-cover\" style=\"padding-top:293px;\">\n\t\t\t\t\t\t\t<a href=\"https:\/\/goldenway.ai\/en\/quang-cao-ooh-khong-con-don-doc-ky-nguyen-phoi-hop-da-kenh-dan-dinh-hinh-lai-hanh-trinh-nguoi-tieu-dung\/\" class=\"plain\" aria-label=\"QU\u1ea2NG C\u00c1O OOH KH\u00d4NG C\u00d2N \u0110\u01a0N \u0110\u1ed8C: K\u1ef6 NGUY\u00caN PH\u1ed0I H\u1ee2P \u0110A K\u00caNH \u0110\u00c0N \u0110\u1ecaNH H\u00ccNH L\u1ea0I H\u00c0NH TR\u00ccNH NG\u01af\u1edcI TI\u00caU D\u00d9NG\">\n\t\t\t\t\t\t\t\t<img loading=\"lazy\" decoding=\"async\" width=\"600\" height=\"400\" src=\"https:\/\/goldenway.ai\/wp-content\/uploads\/2025\/07\/1PO02904-600x400.jpg\" class=\"attachment-medium size-medium wp-post-image\" alt=\"\" srcset=\"https:\/\/goldenway.ai\/wp-content\/uploads\/2025\/07\/1PO02904-600x400.jpg 600w, https:\/\/goldenway.ai\/wp-content\/uploads\/2025\/07\/1PO02904-1200x800.jpg 1200w, https:\/\/goldenway.ai\/wp-content\/uploads\/2025\/07\/1PO02904-768x512.jpg 768w, https:\/\/goldenway.ai\/wp-content\/uploads\/2025\/07\/1PO02904-1536x1024.jpg 1536w, https:\/\/goldenway.ai\/wp-content\/uploads\/2025\/07\/1PO02904-2048x1365.jpg 2048w\" sizes=\"auto, (max-width: 600px) 100vw, 600px\" \/>\t\t\t\t\t\t\t<\/a>\n  \t\t\t\t\t\t\t<div class=\"overlay\" style=\"background-color: rgba(0,0,0,.25)\"><\/div>  \t\t\t\t\t\t\t  \t\t\t\t\t\t<\/div>\n  \t\t\t\t\t\t  \t\t\t\t\t<\/div>\n          \t\t\t\t\t<div class=\"box-text text-left\" >\n\t\t\t\t\t<div class=\"box-text-inner blog-post-inner\">\n\n\t\t\t\t\t\n\t\t\t\t\t\t\t\t\t\t<h5 class=\"post-title is-large\">\n\t\t\t\t\t\t<a href=\"https:\/\/goldenway.ai\/en\/quang-cao-ooh-khong-con-don-doc-ky-nguyen-phoi-hop-da-kenh-dan-dinh-hinh-lai-hanh-trinh-nguoi-tieu-dung\/\" class=\"plain\">QU\u1ea2NG C\u00c1O OOH KH\u00d4NG C\u00d2N \u0110\u01a0N \u0110\u1ed8C: K\u1ef6 NGUY\u00caN PH\u1ed0I H\u1ee2P \u0110A K\u00caNH \u0110\u00c0N \u0110\u1ecaNH H\u00ccNH L\u1ea0I H\u00c0NH TR\u00ccNH NG\u01af\u1edcI TI\u00caU D\u00d9NG<\/a>\n\t\t\t\t\t<\/h5>\n\t\t\t\t\t<div class=\"post-meta is-small op-8\">07\/07\/2025<\/div>\t\t\t\t\t<div class=\"is-divider\"><\/div>\n\t\t\t\t\t                    \n\t\t\t\t\t\n\t\t\t\t\t\n\t\t\t\t\t<\/div>\n\t\t\t\t\t<\/div>\n\t\t\t\t\t\t\t\t\t<\/div>\n\t\t\t<\/div>\n\t\t<\/div><\/div>","protected":false},"excerpt":{"rendered":"","protected":false},"author":2,"featured_media":0,"parent":0,"menu_order":0,"comment_status":"closed","ping_status":"closed","template":"page-transparent-header.php","meta":{"footnotes":""},"class_list":["post-533","page","type-page","status-publish","hentry"],"yoast_head":"<!-- This site is optimized with the Yoast SEO Premium plugin v22.6 (Yoast SEO v27.4) - https:\/\/yoast.com\/product\/yoast-seo-premium-wordpress\/ -->\n<title>Di\u0323ch vu\u0323 - GoldenWay GoldenWay %<\/title>\n<meta name=\"description\" content=\"GoldenWay\" \/>\n<meta name=\"robots\" content=\"index, follow, max-snippet:-1, max-image-preview:large, max-video-preview:-1\" \/>\n<link rel=\"canonical\" href=\"http:\/\/goldenway.ai\/en\/dich-vu\/\" \/>\n<meta property=\"og:locale\" content=\"en_US\" \/>\n<meta property=\"og:type\" content=\"article\" \/>\n<meta property=\"og:title\" content=\"Di\u0323ch vu\u0323\" \/>\n<meta property=\"og:description\" content=\"GoldenWay\" \/>\n<meta property=\"og:url\" content=\"http:\/\/goldenway.ai\/en\/dich-vu\/\" \/>\n<meta property=\"og:site_name\" content=\"GoldenWay\" \/>\n<meta property=\"article:modified_time\" content=\"2025-07-10T06:42:35+00:00\" \/>\n<meta property=\"og:image\" content=\"http:\/\/goldenway.liveblog365.com\/wp-content\/uploads\/2025\/07\/7518f1e8-e435-476f-9cfb-7051513187f3-e1751866956328-800x193.png\" \/>\n<meta name=\"twitter:card\" content=\"summary_large_image\" \/>\n<script type=\"application\/ld+json\" class=\"yoast-schema-graph\">{\"@context\":\"https:\\\/\\\/schema.org\",\"@graph\":[{\"@type\":\"WebPage\",\"@id\":\"http:\\\/\\\/goldenway.ai\\\/dich-vu\\\/\",\"url\":\"http:\\\/\\\/goldenway.ai\\\/dich-vu\\\/\",\"name\":\"Di\u0323ch vu\u0323 - GoldenWay GoldenWay %\",\"isPartOf\":{\"@id\":\"https:\\\/\\\/goldenway.ai\\\/#website\"},\"primaryImageOfPage\":{\"@id\":\"http:\\\/\\\/goldenway.ai\\\/dich-vu\\\/#primaryimage\"},\"image\":{\"@id\":\"http:\\\/\\\/goldenway.ai\\\/dich-vu\\\/#primaryimage\"},\"thumbnailUrl\":\"http:\\\/\\\/goldenway.liveblog365.com\\\/wp-content\\\/uploads\\\/2025\\\/07\\\/7518f1e8-e435-476f-9cfb-7051513187f3-e1751866956328-800x193.png\",\"datePublished\":\"2025-07-07T15:18:05+00:00\",\"dateModified\":\"2025-07-10T06:42:35+00:00\",\"description\":\"GoldenWay\",\"breadcrumb\":{\"@id\":\"http:\\\/\\\/goldenway.ai\\\/dich-vu\\\/#breadcrumb\"},\"inLanguage\":\"en-US\",\"potentialAction\":[{\"@type\":\"ReadAction\",\"target\":[\"http:\\\/\\\/goldenway.ai\\\/dich-vu\\\/\"]}]},{\"@type\":\"ImageObject\",\"inLanguage\":\"en-US\",\"@id\":\"http:\\\/\\\/goldenway.ai\\\/dich-vu\\\/#primaryimage\",\"url\":\"http:\\\/\\\/goldenway.liveblog365.com\\\/wp-content\\\/uploads\\\/2025\\\/07\\\/7518f1e8-e435-476f-9cfb-7051513187f3-e1751866956328-800x193.png\",\"contentUrl\":\"http:\\\/\\\/goldenway.liveblog365.com\\\/wp-content\\\/uploads\\\/2025\\\/07\\\/7518f1e8-e435-476f-9cfb-7051513187f3-e1751866956328-800x193.png\"},{\"@type\":\"BreadcrumbList\",\"@id\":\"http:\\\/\\\/goldenway.ai\\\/dich-vu\\\/#breadcrumb\",\"itemListElement\":[{\"@type\":\"ListItem\",\"position\":1,\"name\":\"Trang ch\u1ee7\",\"item\":\"https:\\\/\\\/goldenway.ai\\\/\"},{\"@type\":\"ListItem\",\"position\":2,\"name\":\"Di\u0323ch vu\u0323\"}]},{\"@type\":\"WebSite\",\"@id\":\"https:\\\/\\\/goldenway.ai\\\/#website\",\"url\":\"https:\\\/\\\/goldenway.ai\\\/\",\"name\":\"GoldenWay\",\"description\":\"Ooh\",\"publisher\":{\"@id\":\"https:\\\/\\\/goldenway.ai\\\/#organization\"},\"potentialAction\":[{\"@type\":\"SearchAction\",\"target\":{\"@type\":\"EntryPoint\",\"urlTemplate\":\"https:\\\/\\\/goldenway.ai\\\/?s={search_term_string}\"},\"query-input\":{\"@type\":\"PropertyValueSpecification\",\"valueRequired\":true,\"valueName\":\"search_term_string\"}}],\"inLanguage\":\"en-US\"},{\"@type\":\"Organization\",\"@id\":\"https:\\\/\\\/goldenway.ai\\\/#organization\",\"name\":\"GoldenWay\",\"url\":\"https:\\\/\\\/goldenway.ai\\\/\",\"logo\":{\"@type\":\"ImageObject\",\"inLanguage\":\"en-US\",\"@id\":\"https:\\\/\\\/goldenway.ai\\\/#\\\/schema\\\/logo\\\/image\\\/\",\"url\":\"https:\\\/\\\/goldenway.ai\\\/wp-content\\\/uploads\\\/2025\\\/06\\\/lOGO-1-1.png\",\"contentUrl\":\"https:\\\/\\\/goldenway.ai\\\/wp-content\\\/uploads\\\/2025\\\/06\\\/lOGO-1-1.png\",\"width\":1210,\"height\":570,\"caption\":\"GoldenWay\"},\"image\":{\"@id\":\"https:\\\/\\\/goldenway.ai\\\/#\\\/schema\\\/logo\\\/image\\\/\"}}]}<\/script>\n<!-- \/ Yoast SEO Premium plugin. -->","yoast_head_json":{"title":"Di\u0323ch vu\u0323 - GoldenWay GoldenWay %","description":"GoldenWay","robots":{"index":"index","follow":"follow","max-snippet":"max-snippet:-1","max-image-preview":"max-image-preview:large","max-video-preview":"max-video-preview:-1"},"canonical":"http:\/\/goldenway.ai\/en\/dich-vu\/","og_locale":"en_US","og_type":"article","og_title":"Di\u0323ch vu\u0323","og_description":"GoldenWay","og_url":"http:\/\/goldenway.ai\/en\/dich-vu\/","og_site_name":"GoldenWay","article_modified_time":"2025-07-10T06:42:35+00:00","og_image":[{"url":"http:\/\/goldenway.liveblog365.com\/wp-content\/uploads\/2025\/07\/7518f1e8-e435-476f-9cfb-7051513187f3-e1751866956328-800x193.png","type":"","width":"","height":""}],"twitter_card":"summary_large_image","schema":{"@context":"https:\/\/schema.org","@graph":[{"@type":"WebPage","@id":"http:\/\/goldenway.ai\/dich-vu\/","url":"http:\/\/goldenway.ai\/dich-vu\/","name":"Di\u0323ch vu\u0323 - GoldenWay GoldenWay %","isPartOf":{"@id":"https:\/\/goldenway.ai\/#website"},"primaryImageOfPage":{"@id":"http:\/\/goldenway.ai\/dich-vu\/#primaryimage"},"image":{"@id":"http:\/\/goldenway.ai\/dich-vu\/#primaryimage"},"thumbnailUrl":"http:\/\/goldenway.liveblog365.com\/wp-content\/uploads\/2025\/07\/7518f1e8-e435-476f-9cfb-7051513187f3-e1751866956328-800x193.png","datePublished":"2025-07-07T15:18:05+00:00","dateModified":"2025-07-10T06:42:35+00:00","description":"GoldenWay","breadcrumb":{"@id":"http:\/\/goldenway.ai\/dich-vu\/#breadcrumb"},"inLanguage":"en-US","potentialAction":[{"@type":"ReadAction","target":["http:\/\/goldenway.ai\/dich-vu\/"]}]},{"@type":"ImageObject","inLanguage":"en-US","@id":"http:\/\/goldenway.ai\/dich-vu\/#primaryimage","url":"http:\/\/goldenway.liveblog365.com\/wp-content\/uploads\/2025\/07\/7518f1e8-e435-476f-9cfb-7051513187f3-e1751866956328-800x193.png","contentUrl":"http:\/\/goldenway.liveblog365.com\/wp-content\/uploads\/2025\/07\/7518f1e8-e435-476f-9cfb-7051513187f3-e1751866956328-800x193.png"},{"@type":"BreadcrumbList","@id":"http:\/\/goldenway.ai\/dich-vu\/#breadcrumb","itemListElement":[{"@type":"ListItem","position":1,"name":"Trang ch\u1ee7","item":"https:\/\/goldenway.ai\/"},{"@type":"ListItem","position":2,"name":"Di\u0323ch vu\u0323"}]},{"@type":"WebSite","@id":"https:\/\/goldenway.ai\/#website","url":"https:\/\/goldenway.ai\/","name":"GoldenWay","description":"Ooh","publisher":{"@id":"https:\/\/goldenway.ai\/#organization"},"potentialAction":[{"@type":"SearchAction","target":{"@type":"EntryPoint","urlTemplate":"https:\/\/goldenway.ai\/?s={search_term_string}"},"query-input":{"@type":"PropertyValueSpecification","valueRequired":true,"valueName":"search_term_string"}}],"inLanguage":"en-US"},{"@type":"Organization","@id":"https:\/\/goldenway.ai\/#organization","name":"GoldenWay","url":"https:\/\/goldenway.ai\/","logo":{"@type":"ImageObject","inLanguage":"en-US","@id":"https:\/\/goldenway.ai\/#\/schema\/logo\/image\/","url":"https:\/\/goldenway.ai\/wp-content\/uploads\/2025\/06\/lOGO-1-1.png","contentUrl":"https:\/\/goldenway.ai\/wp-content\/uploads\/2025\/06\/lOGO-1-1.png","width":1210,"height":570,"caption":"GoldenWay"},"image":{"@id":"https:\/\/goldenway.ai\/#\/schema\/logo\/image\/"}}]}},"_links":{"self":[{"href":"https:\/\/goldenway.ai\/en\/wp-json\/wp\/v2\/pages\/533","targetHints":{"allow":["GET"]}}],"collection":[{"href":"https:\/\/goldenway.ai\/en\/wp-json\/wp\/v2\/pages"}],"about":[{"href":"https:\/\/goldenway.ai\/en\/wp-json\/wp\/v2\/types\/page"}],"author":[{"embeddable":true,"href":"https:\/\/goldenway.ai\/en\/wp-json\/wp\/v2\/users\/2"}],"replies":[{"embeddable":true,"href":"https:\/\/goldenway.ai\/en\/wp-json\/wp\/v2\/comments?post=533"}],"version-history":[{"count":6,"href":"https:\/\/goldenway.ai\/en\/wp-json\/wp\/v2\/pages\/533\/revisions"}],"predecessor-version":[{"id":622,"href":"https:\/\/goldenway.ai\/en\/wp-json\/wp\/v2\/pages\/533\/revisions\/622"}],"wp:attachment":[{"href":"https:\/\/goldenway.ai\/en\/wp-json\/wp\/v2\/media?parent=533"}],"curies":[{"name":"wp","href":"https:\/\/api.w.org\/{rel}","templated":true}]}}