{"id":541,"date":"2025-07-08T01:29:20","date_gmt":"2025-07-08T01:29:20","guid":{"rendered":"https:\/\/goldenway.liveblog365.com\/?page_id=541"},"modified":"2025-07-08T01:30:28","modified_gmt":"2025-07-08T01:30:28","slug":"tin-tuc","status":"publish","type":"page","link":"https:\/\/goldenway.ai\/en\/tin-tuc\/","title":{"rendered":"Tin t\u1ee9c"},"content":{"rendered":"<div class=\"container section-title-container\" ><h3 class=\"section-title section-title-center\"><b><\/b><span class=\"section-title-main\" >Tin t\u1ee9c<\/span><b><\/b><\/h3><\/div>\n\n\n  \n    <div class=\"row large-columns-3 medium-columns-1 small-columns-1\" >\n  <div class=\"col post-item\" data-animate=\"fadeInLeft\">\n\t\t\t<div class=\"col-inner\">\n\t\t\t\t<div class=\"box box-normal box-text-bottom box-blog-post has-hover\">\n            \t\t\t\t\t<div class=\"box-image\" >\n  \t\t\t\t\t\t<div class=\"image-cover\" style=\"padding-top:56.25%;\">\n\t\t\t\t\t\t\t<a href=\"https:\/\/goldenway.ai\/en\/tac-dong-cua-quang-cao-ngoai-troi-den-hanh-vi-nguoi-tieu-dung-trong-boi-canh-do-thi-hoa-nhanh\/\" class=\"plain\" aria-label=\"T\u00c1C \u0110\u1ed8NG C\u1ee6A QU\u1ea2NG C\u00c1O NGO\u00c0I TR\u1edcI \u0110\u1ebeN H\u00c0NH VI NG\u01af\u1edcI TI\u00caU D\u00d9NG TRONG B\u1ed0I C\u1ea2NH \u0110\u00d4 TH\u1eca H\u00d3A NHANH\">\n\t\t\t\t\t\t\t\t<img loading=\"lazy\" decoding=\"async\" width=\"464\" height=\"400\" src=\"https:\/\/goldenway.ai\/wp-content\/uploads\/2025\/07\/1-2048x1767-1-464x400.png\" class=\"attachment-medium size-medium wp-post-image\" alt=\"\" srcset=\"https:\/\/goldenway.ai\/wp-content\/uploads\/2025\/07\/1-2048x1767-1-464x400.png 464w, https:\/\/goldenway.ai\/wp-content\/uploads\/2025\/07\/1-2048x1767-1-927x800.png 927w, https:\/\/goldenway.ai\/wp-content\/uploads\/2025\/07\/1-2048x1767-1-768x663.png 768w, https:\/\/goldenway.ai\/wp-content\/uploads\/2025\/07\/1-2048x1767-1-1536x1325.png 1536w, https:\/\/goldenway.ai\/wp-content\/uploads\/2025\/07\/1-2048x1767-1-600x518.png 600w, https:\/\/goldenway.ai\/wp-content\/uploads\/2025\/07\/1-2048x1767-1.png 2048w\" sizes=\"auto, (max-width: 464px) 100vw, 464px\" \/>\t\t\t\t\t\t\t<\/a>\n  \t\t\t\t\t\t\t  \t\t\t\t\t\t\t  \t\t\t\t\t\t<\/div>\n  \t\t\t\t\t\t  \t\t\t\t\t<\/div>\n          \t\t\t\t\t<div class=\"box-text text-center\" >\n\t\t\t\t\t<div class=\"box-text-inner blog-post-inner\">\n\n\t\t\t\t\t\n\t\t\t\t\t\t\t\t\t\t<h5 class=\"post-title is-large\">\n\t\t\t\t\t\t<a href=\"https:\/\/goldenway.ai\/en\/tac-dong-cua-quang-cao-ngoai-troi-den-hanh-vi-nguoi-tieu-dung-trong-boi-canh-do-thi-hoa-nhanh\/\" class=\"plain\">T\u00c1C \u0110\u1ed8NG C\u1ee6A QU\u1ea2NG C\u00c1O NGO\u00c0I TR\u1edcI \u0110\u1ebeN H\u00c0NH VI NG\u01af\u1edcI TI\u00caU D\u00d9NG TRONG B\u1ed0I C\u1ea2NH \u0110\u00d4 TH\u1eca H\u00d3A NHANH<\/a>\n\t\t\t\t\t<\/h5>\n\t\t\t\t\t\t\t\t\t\t<div class=\"is-divider\"><\/div>\n\t\t\t\t\t\t\t\t\t\t<p class=\"from_the_blog_excerpt\">\n\t\t\t\t\t\tQu\u1ea3ng c\u00e1o ngo\u00e0i tr\u1eddi (Out-of-Home, vi\u1ebft t\u1eaft: OOH) l\u00e0 m\u1ed9t trong nh\u1eefng h\u00ecnh th\u1ee9c truy\u1ec1n [...]\t\t\t\t\t<\/p>\n\t\t\t\t\t                    \n\t\t\t\t\t\n\t\t\t\t\t\n\t\t\t\t\t<\/div>\n\t\t\t\t\t<\/div>\n\t\t\t\t\t\t\t\t\t\t\t\t\t\t\t\t<div class=\"badge absolute top post-date badge-outline\">\n\t\t\t\t\t\t\t<div class=\"badge-inner\">\n\t\t\t\t\t\t\t\t<span class=\"post-date-day\">07<\/span><br>\n\t\t\t\t\t\t\t\t<span class=\"post-date-month is-xsmall\">Jul<\/span>\n\t\t\t\t\t\t\t<\/div>\n\t\t\t\t\t\t<\/div>\n\t\t\t\t\t\t\t\t\t<\/div>\n\t\t\t<\/div>\n\t\t<\/div><div class=\"col post-item\" data-animate=\"fadeInLeft\">\n\t\t\t<div class=\"col-inner\">\n\t\t\t\t<div class=\"box box-normal box-text-bottom box-blog-post has-hover\">\n            \t\t\t\t\t<div class=\"box-image\" >\n  \t\t\t\t\t\t<div class=\"image-cover\" style=\"padding-top:56.25%;\">\n\t\t\t\t\t\t\t<a href=\"https:\/\/goldenway.ai\/en\/3d-anamorphic-cong-nghe-truyen-cam-hung-manh-me-cham-den-cam-xuc-nguoi-xem\/\" class=\"plain\" aria-label=\"3D ANAMORPHIC \u2013 C\u00d4NG NGH\u1ec6 TRUY\u1ec0N C\u1ea2M H\u1ee8NG M\u1ea0NH M\u1ebc CH\u1ea0M \u0110\u1ebeN C\u1ea2M X\u00daC NG\u01af\u1edcI XEM\">\n\t\t\t\t\t\t\t\t<img loading=\"lazy\" decoding=\"async\" width=\"533\" height=\"400\" src=\"https:\/\/goldenway.ai\/wp-content\/uploads\/2025\/07\/c38f01251630b56eec2144-1-2048x1536-1-533x400.jpg\" class=\"attachment-medium size-medium wp-post-image\" alt=\"\" srcset=\"https:\/\/goldenway.ai\/wp-content\/uploads\/2025\/07\/c38f01251630b56eec2144-1-2048x1536-1-533x400.jpg 533w, https:\/\/goldenway.ai\/wp-content\/uploads\/2025\/07\/c38f01251630b56eec2144-1-2048x1536-1-1067x800.jpg 1067w, https:\/\/goldenway.ai\/wp-content\/uploads\/2025\/07\/c38f01251630b56eec2144-1-2048x1536-1-768x576.jpg 768w, https:\/\/goldenway.ai\/wp-content\/uploads\/2025\/07\/c38f01251630b56eec2144-1-2048x1536-1-1536x1152.jpg 1536w, https:\/\/goldenway.ai\/wp-content\/uploads\/2025\/07\/c38f01251630b56eec2144-1-2048x1536-1-600x450.jpg 600w, https:\/\/goldenway.ai\/wp-content\/uploads\/2025\/07\/c38f01251630b56eec2144-1-2048x1536-1.jpg 2048w\" sizes=\"auto, (max-width: 533px) 100vw, 533px\" \/>\t\t\t\t\t\t\t<\/a>\n  \t\t\t\t\t\t\t  \t\t\t\t\t\t\t  \t\t\t\t\t\t<\/div>\n  \t\t\t\t\t\t  \t\t\t\t\t<\/div>\n          \t\t\t\t\t<div class=\"box-text text-center\" >\n\t\t\t\t\t<div class=\"box-text-inner blog-post-inner\">\n\n\t\t\t\t\t\n\t\t\t\t\t\t\t\t\t\t<h5 class=\"post-title is-large\">\n\t\t\t\t\t\t<a href=\"https:\/\/goldenway.ai\/en\/3d-anamorphic-cong-nghe-truyen-cam-hung-manh-me-cham-den-cam-xuc-nguoi-xem\/\" class=\"plain\">3D ANAMORPHIC \u2013 C\u00d4NG NGH\u1ec6 TRUY\u1ec0N C\u1ea2M H\u1ee8NG M\u1ea0NH M\u1ebc CH\u1ea0M \u0110\u1ebeN C\u1ea2M X\u00daC NG\u01af\u1edcI XEM<\/a>\n\t\t\t\t\t<\/h5>\n\t\t\t\t\t\t\t\t\t\t<div class=\"is-divider\"><\/div>\n\t\t\t\t\t\t\t\t\t\t<p class=\"from_the_blog_excerpt\">\n\t\t\t\t\t\tTrong th\u1ebf gi\u1edbi truy\u1ec1n th\u00f4ng ng\u00e0y nay, vi\u1ec7c t\u1ea1o ra nh\u1eefng tr\u1ea3i nghi\u1ec7m \u1ea5n t\u01b0\u1ee3ng [...]\t\t\t\t\t<\/p>\n\t\t\t\t\t                    \n\t\t\t\t\t\n\t\t\t\t\t\n\t\t\t\t\t<\/div>\n\t\t\t\t\t<\/div>\n\t\t\t\t\t\t\t\t\t\t\t\t\t\t\t\t<div class=\"badge absolute top post-date badge-outline\">\n\t\t\t\t\t\t\t<div class=\"badge-inner\">\n\t\t\t\t\t\t\t\t<span class=\"post-date-day\">07<\/span><br>\n\t\t\t\t\t\t\t\t<span class=\"post-date-month is-xsmall\">Jul<\/span>\n\t\t\t\t\t\t\t<\/div>\n\t\t\t\t\t\t<\/div>\n\t\t\t\t\t\t\t\t\t<\/div>\n\t\t\t<\/div>\n\t\t<\/div><div class=\"col post-item\" data-animate=\"fadeInLeft\">\n\t\t\t<div class=\"col-inner\">\n\t\t\t\t<div class=\"box box-normal box-text-bottom box-blog-post has-hover\">\n            \t\t\t\t\t<div class=\"box-image\" >\n  \t\t\t\t\t\t<div class=\"image-cover\" style=\"padding-top:56.25%;\">\n\t\t\t\t\t\t\t<a href=\"https:\/\/goldenway.ai\/en\/quang-cao-ooh-khong-con-don-doc-ky-nguyen-phoi-hop-da-kenh-dan-dinh-hinh-lai-hanh-trinh-nguoi-tieu-dung\/\" class=\"plain\" aria-label=\"QU\u1ea2NG C\u00c1O OOH KH\u00d4NG C\u00d2N \u0110\u01a0N \u0110\u1ed8C: K\u1ef6 NGUY\u00caN PH\u1ed0I H\u1ee2P \u0110A K\u00caNH \u0110\u00c0N \u0110\u1ecaNH H\u00ccNH L\u1ea0I H\u00c0NH TR\u00ccNH NG\u01af\u1edcI TI\u00caU D\u00d9NG\">\n\t\t\t\t\t\t\t\t<img loading=\"lazy\" decoding=\"async\" width=\"600\" height=\"400\" src=\"https:\/\/goldenway.ai\/wp-content\/uploads\/2025\/07\/1PO02904-600x400.jpg\" class=\"attachment-medium size-medium wp-post-image\" alt=\"\" srcset=\"https:\/\/goldenway.ai\/wp-content\/uploads\/2025\/07\/1PO02904-600x400.jpg 600w, https:\/\/goldenway.ai\/wp-content\/uploads\/2025\/07\/1PO02904-1200x800.jpg 1200w, https:\/\/goldenway.ai\/wp-content\/uploads\/2025\/07\/1PO02904-768x512.jpg 768w, https:\/\/goldenway.ai\/wp-content\/uploads\/2025\/07\/1PO02904-1536x1024.jpg 1536w, https:\/\/goldenway.ai\/wp-content\/uploads\/2025\/07\/1PO02904-2048x1365.jpg 2048w\" sizes=\"auto, (max-width: 600px) 100vw, 600px\" \/>\t\t\t\t\t\t\t<\/a>\n  \t\t\t\t\t\t\t  \t\t\t\t\t\t\t  \t\t\t\t\t\t<\/div>\n  \t\t\t\t\t\t  \t\t\t\t\t<\/div>\n          \t\t\t\t\t<div class=\"box-text text-center\" >\n\t\t\t\t\t<div class=\"box-text-inner blog-post-inner\">\n\n\t\t\t\t\t\n\t\t\t\t\t\t\t\t\t\t<h5 class=\"post-title is-large\">\n\t\t\t\t\t\t<a href=\"https:\/\/goldenway.ai\/en\/quang-cao-ooh-khong-con-don-doc-ky-nguyen-phoi-hop-da-kenh-dan-dinh-hinh-lai-hanh-trinh-nguoi-tieu-dung\/\" class=\"plain\">QU\u1ea2NG C\u00c1O OOH KH\u00d4NG C\u00d2N \u0110\u01a0N \u0110\u1ed8C: K\u1ef6 NGUY\u00caN PH\u1ed0I H\u1ee2P \u0110A K\u00caNH \u0110\u00c0N \u0110\u1ecaNH H\u00ccNH L\u1ea0I H\u00c0NH TR\u00ccNH NG\u01af\u1edcI TI\u00caU D\u00d9NG<\/a>\n\t\t\t\t\t<\/h5>\n\t\t\t\t\t\t\t\t\t\t<div class=\"is-divider\"><\/div>\n\t\t\t\t\t\t\t\t\t\t<p class=\"from_the_blog_excerpt\">\n\t\t\t\t\t\tM\u1edf \u0111\u1ea7u Trong k\u1ef7 nguy\u00ean truy\u1ec1n th\u00f4ng s\u1ed1, ng\u01b0\u1eddi ti\u00eau d\u00f9ng kh\u00f4ng c\u00f2n ti\u1ebfp c\u1eadn [...]\t\t\t\t\t<\/p>\n\t\t\t\t\t                    \n\t\t\t\t\t\n\t\t\t\t\t\n\t\t\t\t\t<\/div>\n\t\t\t\t\t<\/div>\n\t\t\t\t\t\t\t\t\t\t\t\t\t\t\t\t<div class=\"badge absolute top post-date badge-outline\">\n\t\t\t\t\t\t\t<div class=\"badge-inner\">\n\t\t\t\t\t\t\t\t<span class=\"post-date-day\">07<\/span><br>\n\t\t\t\t\t\t\t\t<span class=\"post-date-month is-xsmall\">Jul<\/span>\n\t\t\t\t\t\t\t<\/div>\n\t\t\t\t\t\t<\/div>\n\t\t\t\t\t\t\t\t\t<\/div>\n\t\t\t<\/div>\n\t\t<\/div><\/div>","protected":false},"excerpt":{"rendered":"","protected":false},"author":2,"featured_media":0,"parent":0,"menu_order":0,"comment_status":"closed","ping_status":"closed","template":"","meta":{"footnotes":""},"class_list":["post-541","page","type-page","status-publish","hentry"],"yoast_head":"<!-- This site is optimized with the Yoast SEO Premium plugin v22.6 (Yoast SEO v27.4) - https:\/\/yoast.com\/product\/yoast-seo-premium-wordpress\/ -->\n<title>Tin t\u1ee9c - GoldenWay GoldenWay %<\/title>\n<meta name=\"description\" content=\"GoldenWay\" \/>\n<meta name=\"robots\" content=\"index, follow, max-snippet:-1, max-image-preview:large, max-video-preview:-1\" \/>\n<link rel=\"canonical\" href=\"https:\/\/goldenway.ai\/en\/tin-tuc\/\" \/>\n<meta property=\"og:locale\" content=\"en_US\" \/>\n<meta property=\"og:type\" content=\"article\" \/>\n<meta property=\"og:title\" content=\"Tin t\u1ee9c\" \/>\n<meta property=\"og:description\" content=\"GoldenWay\" \/>\n<meta property=\"og:url\" content=\"https:\/\/goldenway.ai\/en\/tin-tuc\/\" \/>\n<meta property=\"og:site_name\" content=\"GoldenWay\" \/>\n<meta property=\"article:modified_time\" content=\"2025-07-08T01:30:28+00:00\" \/>\n<meta name=\"twitter:card\" content=\"summary_large_image\" \/>\n<meta name=\"twitter:label1\" content=\"Est. reading time\" \/>\n\t<meta name=\"twitter:data1\" content=\"1 minute\" \/>\n<script type=\"application\/ld+json\" class=\"yoast-schema-graph\">{\"@context\":\"https:\\\/\\\/schema.org\",\"@graph\":[{\"@type\":\"WebPage\",\"@id\":\"https:\\\/\\\/goldenway.ai\\\/tin-tuc\\\/\",\"url\":\"https:\\\/\\\/goldenway.ai\\\/tin-tuc\\\/\",\"name\":\"Tin t\u1ee9c - GoldenWay GoldenWay %\",\"isPartOf\":{\"@id\":\"https:\\\/\\\/goldenway.ai\\\/#website\"},\"datePublished\":\"2025-07-08T01:29:20+00:00\",\"dateModified\":\"2025-07-08T01:30:28+00:00\",\"description\":\"GoldenWay\",\"breadcrumb\":{\"@id\":\"https:\\\/\\\/goldenway.ai\\\/tin-tuc\\\/#breadcrumb\"},\"inLanguage\":\"en-US\",\"potentialAction\":[{\"@type\":\"ReadAction\",\"target\":[\"https:\\\/\\\/goldenway.ai\\\/tin-tuc\\\/\"]}]},{\"@type\":\"BreadcrumbList\",\"@id\":\"https:\\\/\\\/goldenway.ai\\\/tin-tuc\\\/#breadcrumb\",\"itemListElement\":[{\"@type\":\"ListItem\",\"position\":1,\"name\":\"Trang ch\u1ee7\",\"item\":\"https:\\\/\\\/goldenway.ai\\\/\"},{\"@type\":\"ListItem\",\"position\":2,\"name\":\"Tin t\u1ee9c\"}]},{\"@type\":\"WebSite\",\"@id\":\"https:\\\/\\\/goldenway.ai\\\/#website\",\"url\":\"https:\\\/\\\/goldenway.ai\\\/\",\"name\":\"GoldenWay\",\"description\":\"Ooh\",\"publisher\":{\"@id\":\"https:\\\/\\\/goldenway.ai\\\/#organization\"},\"potentialAction\":[{\"@type\":\"SearchAction\",\"target\":{\"@type\":\"EntryPoint\",\"urlTemplate\":\"https:\\\/\\\/goldenway.ai\\\/?s={search_term_string}\"},\"query-input\":{\"@type\":\"PropertyValueSpecification\",\"valueRequired\":true,\"valueName\":\"search_term_string\"}}],\"inLanguage\":\"en-US\"},{\"@type\":\"Organization\",\"@id\":\"https:\\\/\\\/goldenway.ai\\\/#organization\",\"name\":\"GoldenWay\",\"url\":\"https:\\\/\\\/goldenway.ai\\\/\",\"logo\":{\"@type\":\"ImageObject\",\"inLanguage\":\"en-US\",\"@id\":\"https:\\\/\\\/goldenway.ai\\\/#\\\/schema\\\/logo\\\/image\\\/\",\"url\":\"https:\\\/\\\/goldenway.ai\\\/wp-content\\\/uploads\\\/2025\\\/06\\\/lOGO-1-1.png\",\"contentUrl\":\"https:\\\/\\\/goldenway.ai\\\/wp-content\\\/uploads\\\/2025\\\/06\\\/lOGO-1-1.png\",\"width\":1210,\"height\":570,\"caption\":\"GoldenWay\"},\"image\":{\"@id\":\"https:\\\/\\\/goldenway.ai\\\/#\\\/schema\\\/logo\\\/image\\\/\"}}]}<\/script>\n<!-- \/ Yoast SEO Premium plugin. -->","yoast_head_json":{"title":"Tin t\u1ee9c - GoldenWay GoldenWay %","description":"GoldenWay","robots":{"index":"index","follow":"follow","max-snippet":"max-snippet:-1","max-image-preview":"max-image-preview:large","max-video-preview":"max-video-preview:-1"},"canonical":"https:\/\/goldenway.ai\/en\/tin-tuc\/","og_locale":"en_US","og_type":"article","og_title":"Tin t\u1ee9c","og_description":"GoldenWay","og_url":"https:\/\/goldenway.ai\/en\/tin-tuc\/","og_site_name":"GoldenWay","article_modified_time":"2025-07-08T01:30:28+00:00","twitter_card":"summary_large_image","twitter_misc":{"Est. reading time":"1 minute"},"schema":{"@context":"https:\/\/schema.org","@graph":[{"@type":"WebPage","@id":"https:\/\/goldenway.ai\/tin-tuc\/","url":"https:\/\/goldenway.ai\/tin-tuc\/","name":"Tin t\u1ee9c - GoldenWay GoldenWay %","isPartOf":{"@id":"https:\/\/goldenway.ai\/#website"},"datePublished":"2025-07-08T01:29:20+00:00","dateModified":"2025-07-08T01:30:28+00:00","description":"GoldenWay","breadcrumb":{"@id":"https:\/\/goldenway.ai\/tin-tuc\/#breadcrumb"},"inLanguage":"en-US","potentialAction":[{"@type":"ReadAction","target":["https:\/\/goldenway.ai\/tin-tuc\/"]}]},{"@type":"BreadcrumbList","@id":"https:\/\/goldenway.ai\/tin-tuc\/#breadcrumb","itemListElement":[{"@type":"ListItem","position":1,"name":"Trang ch\u1ee7","item":"https:\/\/goldenway.ai\/"},{"@type":"ListItem","position":2,"name":"Tin t\u1ee9c"}]},{"@type":"WebSite","@id":"https:\/\/goldenway.ai\/#website","url":"https:\/\/goldenway.ai\/","name":"GoldenWay","description":"Ooh","publisher":{"@id":"https:\/\/goldenway.ai\/#organization"},"potentialAction":[{"@type":"SearchAction","target":{"@type":"EntryPoint","urlTemplate":"https:\/\/goldenway.ai\/?s={search_term_string}"},"query-input":{"@type":"PropertyValueSpecification","valueRequired":true,"valueName":"search_term_string"}}],"inLanguage":"en-US"},{"@type":"Organization","@id":"https:\/\/goldenway.ai\/#organization","name":"GoldenWay","url":"https:\/\/goldenway.ai\/","logo":{"@type":"ImageObject","inLanguage":"en-US","@id":"https:\/\/goldenway.ai\/#\/schema\/logo\/image\/","url":"https:\/\/goldenway.ai\/wp-content\/uploads\/2025\/06\/lOGO-1-1.png","contentUrl":"https:\/\/goldenway.ai\/wp-content\/uploads\/2025\/06\/lOGO-1-1.png","width":1210,"height":570,"caption":"GoldenWay"},"image":{"@id":"https:\/\/goldenway.ai\/#\/schema\/logo\/image\/"}}]}},"_links":{"self":[{"href":"https:\/\/goldenway.ai\/en\/wp-json\/wp\/v2\/pages\/541","targetHints":{"allow":["GET"]}}],"collection":[{"href":"https:\/\/goldenway.ai\/en\/wp-json\/wp\/v2\/pages"}],"about":[{"href":"https:\/\/goldenway.ai\/en\/wp-json\/wp\/v2\/types\/page"}],"author":[{"embeddable":true,"href":"https:\/\/goldenway.ai\/en\/wp-json\/wp\/v2\/users\/2"}],"replies":[{"embeddable":true,"href":"https:\/\/goldenway.ai\/en\/wp-json\/wp\/v2\/comments?post=541"}],"version-history":[{"count":3,"href":"https:\/\/goldenway.ai\/en\/wp-json\/wp\/v2\/pages\/541\/revisions"}],"predecessor-version":[{"id":544,"href":"https:\/\/goldenway.ai\/en\/wp-json\/wp\/v2\/pages\/541\/revisions\/544"}],"wp:attachment":[{"href":"https:\/\/goldenway.ai\/en\/wp-json\/wp\/v2\/media?parent=541"}],"curies":[{"name":"wp","href":"https:\/\/api.w.org\/{rel}","templated":true}]}}