{"id":558,"date":"2025-07-10T02:27:40","date_gmt":"2025-07-10T02:27:40","guid":{"rendered":"https:\/\/goldenway.liveblog365.com\/?post_type=product&#038;p=558"},"modified":"2025-07-10T07:03:50","modified_gmt":"2025-07-10T07:03:50","slug":"01-dien-bien-phu-tra-vinh","status":"publish","type":"product","link":"https:\/\/goldenway.ai\/en\/product\/01-dien-bien-phu-tra-vinh\/","title":{"rendered":"01 \u0110I\u1ec6N BI\u00caN PH\u1ee6, PH\u01af\u1edcNG 3, TH\u00c0NH PH\u1ed0 TR\u00c0 VINH"},"content":{"rendered":"<table class=\"bds-info alignleft\">\n<tbody>\n<tr>\n<td class=\"label-bds-info\">NCC<\/td>\n<td><strong>SKYCOM<\/strong><\/td>\n<\/tr>\n<tr>\n<td class=\"label-bds-info\">Khu v\u1ef1c<\/td>\n<td><strong>TR\u00c0 VINH<\/strong><\/td>\n<\/tr>\n<tr>\n<td class=\"label-bds-info\">K\u00edch th\u01b0\u1edbc<\/td>\n<td><strong>24m (Ngang) x 10m (Cao) x 01 m\u1eb7t = 240 m2<\/strong><\/td>\n<\/tr>\n<tr>\n<td class=\"label-bds-info\">M\u00f4 t\u1ea3<\/td>\n<td>T\u1ecda l\u1ea1c t\u1ea1i ngay v\u00f2ng xoay \u0110i\u1ec7n Bi\u00ean Ph\u1ee7, v\u00f2ng xoay trung t\u00e2m nh\u1ea5t c\u1ee7a Th\u00e0nh ph\u1ed1 Tr\u00e0 Vinh. C\u1ea1nh ch\u1ee3 Tr\u00e0 Vinh, VNPT Tr\u00e0 Vinh, C\u00f4ng vi\u00ean Tr\u00e0 Vinh, \u0110\u00e0i truy\u1ec1n thanh TP. Tr\u00e0 Vinh, Ng\u00e2n h\u00e0ng, trung t\u00e2m mua s\u1eafm t\u1ea5p n\u1eadp c\u1ea3 ng\u00e0y v\u00e0 \u0111\u00eam.<\/td>\n<\/tr>\n<tr>\n<td class=\"label-bds-info\">H\u00ecnh th\u1ee9c<\/td>\n<td><strong>Pano<\/strong><\/td>\n<\/tr>\n<tr>\n<td class=\"label-bds-info\">\u0110\u01a1n gi\u00e1<\/td>\n<td>36000$\/12 th\u00e1ng(ch\u01b0a VAT)<\/td>\n<\/tr>\n<tr>\n<td class=\"label-bds-info\">Chi ti\u1ebft<\/td>\n<td><a href=\"https:\/\/docs.google.com\/presentation\/d\/1MrBgv7Xz6b8sU6ZhNKf63ZWI7VOPEWFI\/edit?slide=id.p2#slide=id.p2\">Click<\/a><\/td>\n<\/tr>\n<\/tbody>\n<\/table>","protected":false},"excerpt":{"rendered":"<p>NCC SKYCOM Khu v\u1ef1c TR\u00c0 VINH K\u00edch th\u01b0\u1edbc 24m (Ngang) x 10m (Cao) x 01 m\u1eb7t = 240 m2 M\u00f4 t\u1ea3 T\u1ecda l\u1ea1c t\u1ea1i ngay v\u00f2ng xoay \u0110i\u1ec7n Bi\u00ean Ph\u1ee7, v\u00f2ng xoay trung t\u00e2m nh\u1ea5t c\u1ee7a Th\u00e0nh ph\u1ed1 Tr\u00e0 Vinh. C\u1ea1nh ch\u1ee3 Tr\u00e0 Vinh, VNPT Tr\u00e0 Vinh, C\u00f4ng vi\u00ean Tr\u00e0 Vinh, \u0110\u00e0i truy\u1ec1n thanh TP. [&#8230;]","protected":false},"featured_media":555,"comment_status":"open","ping_status":"closed","template":"","meta":[],"product_brand":[],"product_cat":[15],"product_tag":[],"class_list":{"0":"post-558","1":"product","2":"type-product","3":"status-publish","4":"has-post-thumbnail","6":"product_cat-uncategorized","8":"first","9":"instock","10":"shipping-taxable","11":"product-type-simple"},"yoast_head":"<!-- This site is optimized with the Yoast SEO Premium plugin v22.6 (Yoast SEO v27.4) - https:\/\/yoast.com\/product\/yoast-seo-premium-wordpress\/ -->\n<title>01 \u0110I\u1ec6N BI\u00caN PH\u1ee6, PH\u01af\u1edcNG 3, TH\u00c0NH PH\u1ed0 TR\u00c0 VINH - GoldenWay<\/title>\n<meta name=\"robots\" content=\"index, follow, max-snippet:-1, max-image-preview:large, max-video-preview:-1\" \/>\n<link rel=\"canonical\" href=\"https:\/\/goldenway.ai\/en\/product\/01-dien-bien-phu-tra-vinh\/\" \/>\n<meta property=\"og:locale\" content=\"en_US\" \/>\n<meta property=\"og:type\" content=\"article\" \/>\n<meta property=\"og:title\" content=\"01 \u0110I\u1ec6N BI\u00caN PH\u1ee6, PH\u01af\u1edcNG 3, TH\u00c0NH PH\u1ed0 TR\u00c0 VINH\" \/>\n<meta property=\"og:description\" content=\"NCC SKYCOM Khu v\u1ef1c TR\u00c0 VINH K\u00edch th\u01b0\u1edbc 24m (Ngang) x 10m (Cao) x 01 m\u1eb7t = 240 m2 M\u00f4 t\u1ea3 T\u1ecda l\u1ea1c t\u1ea1i ngay v\u00f2ng xoay \u0110i\u1ec7n Bi\u00ean Ph\u1ee7, v\u00f2ng xoay trung t\u00e2m nh\u1ea5t c\u1ee7a Th\u00e0nh ph\u1ed1 Tr\u00e0 Vinh. C\u1ea1nh ch\u1ee3 Tr\u00e0 Vinh, VNPT Tr\u00e0 Vinh, C\u00f4ng vi\u00ean Tr\u00e0 Vinh, \u0110\u00e0i truy\u1ec1n thanh TP. [...]\" \/>\n<meta property=\"og:url\" content=\"https:\/\/goldenway.ai\/en\/product\/01-dien-bien-phu-tra-vinh\/\" \/>\n<meta property=\"og:site_name\" content=\"GoldenWay\" \/>\n<meta property=\"article:modified_time\" content=\"2025-07-10T07:03:50+00:00\" \/>\n<meta property=\"og:image\" content=\"https:\/\/goldenway.ai\/wp-content\/uploads\/2025\/07\/s-blob-v1-IMAGE-HXeYwoagF6I.jpg\" \/>\n\t<meta property=\"og:image:width\" content=\"1600\" \/>\n\t<meta property=\"og:image:height\" content=\"1054\" \/>\n\t<meta property=\"og:image:type\" content=\"image\/jpeg\" \/>\n<meta name=\"twitter:card\" content=\"summary_large_image\" \/>\n<meta name=\"twitter:label1\" content=\"Est. reading time\" \/>\n\t<meta name=\"twitter:data1\" content=\"1 minute\" \/>\n<script type=\"application\/ld+json\" class=\"yoast-schema-graph\">{\"@context\":\"https:\\\/\\\/schema.org\",\"@graph\":[{\"@type\":\"WebPage\",\"@id\":\"https:\\\/\\\/goldenway.ai\\\/product\\\/01-dien-bien-phu-tra-vinh\\\/\",\"url\":\"https:\\\/\\\/goldenway.ai\\\/product\\\/01-dien-bien-phu-tra-vinh\\\/\",\"name\":\"01 \u0110I\u1ec6N BI\u00caN PH\u1ee6, PH\u01af\u1edcNG 3, TH\u00c0NH PH\u1ed0 TR\u00c0 VINH - GoldenWay\",\"isPartOf\":{\"@id\":\"https:\\\/\\\/goldenway.ai\\\/#website\"},\"primaryImageOfPage\":{\"@id\":\"https:\\\/\\\/goldenway.ai\\\/product\\\/01-dien-bien-phu-tra-vinh\\\/#primaryimage\"},\"image\":{\"@id\":\"https:\\\/\\\/goldenway.ai\\\/product\\\/01-dien-bien-phu-tra-vinh\\\/#primaryimage\"},\"thumbnailUrl\":\"https:\\\/\\\/goldenway.ai\\\/wp-content\\\/uploads\\\/2025\\\/07\\\/s-blob-v1-IMAGE-HXeYwoagF6I.jpg\",\"datePublished\":\"2025-07-10T02:27:40+00:00\",\"dateModified\":\"2025-07-10T07:03:50+00:00\",\"breadcrumb\":{\"@id\":\"https:\\\/\\\/goldenway.ai\\\/product\\\/01-dien-bien-phu-tra-vinh\\\/#breadcrumb\"},\"inLanguage\":\"en-US\",\"potentialAction\":[{\"@type\":\"ReadAction\",\"target\":[\"https:\\\/\\\/goldenway.ai\\\/product\\\/01-dien-bien-phu-tra-vinh\\\/\"]}]},{\"@type\":\"ImageObject\",\"inLanguage\":\"en-US\",\"@id\":\"https:\\\/\\\/goldenway.ai\\\/product\\\/01-dien-bien-phu-tra-vinh\\\/#primaryimage\",\"url\":\"https:\\\/\\\/goldenway.ai\\\/wp-content\\\/uploads\\\/2025\\\/07\\\/s-blob-v1-IMAGE-HXeYwoagF6I.jpg\",\"contentUrl\":\"https:\\\/\\\/goldenway.ai\\\/wp-content\\\/uploads\\\/2025\\\/07\\\/s-blob-v1-IMAGE-HXeYwoagF6I.jpg\",\"width\":1600,\"height\":1054},{\"@type\":\"BreadcrumbList\",\"@id\":\"https:\\\/\\\/goldenway.ai\\\/product\\\/01-dien-bien-phu-tra-vinh\\\/#breadcrumb\",\"itemListElement\":[{\"@type\":\"ListItem\",\"position\":1,\"name\":\"Trang ch\u1ee7\",\"item\":\"https:\\\/\\\/goldenway.ai\\\/\"},{\"@type\":\"ListItem\",\"position\":2,\"name\":\"S\u1ea3n ph\u1ea9m\",\"item\":\"https:\\\/\\\/goldenway.ai\\\/shop\\\/\"},{\"@type\":\"ListItem\",\"position\":3,\"name\":\"01 \u0110I\u1ec6N BI\u00caN PH\u1ee6, PH\u01af\u1edcNG 3, TH\u00c0NH PH\u1ed0 TR\u00c0 VINH\"}]},{\"@type\":\"WebSite\",\"@id\":\"https:\\\/\\\/goldenway.ai\\\/#website\",\"url\":\"https:\\\/\\\/goldenway.ai\\\/\",\"name\":\"GoldenWay\",\"description\":\"Ooh\",\"publisher\":{\"@id\":\"https:\\\/\\\/goldenway.ai\\\/#organization\"},\"potentialAction\":[{\"@type\":\"SearchAction\",\"target\":{\"@type\":\"EntryPoint\",\"urlTemplate\":\"https:\\\/\\\/goldenway.ai\\\/?s={search_term_string}\"},\"query-input\":{\"@type\":\"PropertyValueSpecification\",\"valueRequired\":true,\"valueName\":\"search_term_string\"}}],\"inLanguage\":\"en-US\"},{\"@type\":\"Organization\",\"@id\":\"https:\\\/\\\/goldenway.ai\\\/#organization\",\"name\":\"GoldenWay\",\"url\":\"https:\\\/\\\/goldenway.ai\\\/\",\"logo\":{\"@type\":\"ImageObject\",\"inLanguage\":\"en-US\",\"@id\":\"https:\\\/\\\/goldenway.ai\\\/#\\\/schema\\\/logo\\\/image\\\/\",\"url\":\"https:\\\/\\\/goldenway.ai\\\/wp-content\\\/uploads\\\/2025\\\/06\\\/lOGO-1-1.png\",\"contentUrl\":\"https:\\\/\\\/goldenway.ai\\\/wp-content\\\/uploads\\\/2025\\\/06\\\/lOGO-1-1.png\",\"width\":1210,\"height\":570,\"caption\":\"GoldenWay\"},\"image\":{\"@id\":\"https:\\\/\\\/goldenway.ai\\\/#\\\/schema\\\/logo\\\/image\\\/\"}}]}<\/script>\n<!-- \/ Yoast SEO Premium plugin. -->","yoast_head_json":{"title":"01 \u0110I\u1ec6N BI\u00caN PH\u1ee6, PH\u01af\u1edcNG 3, TH\u00c0NH PH\u1ed0 TR\u00c0 VINH - GoldenWay","robots":{"index":"index","follow":"follow","max-snippet":"max-snippet:-1","max-image-preview":"max-image-preview:large","max-video-preview":"max-video-preview:-1"},"canonical":"https:\/\/goldenway.ai\/en\/product\/01-dien-bien-phu-tra-vinh\/","og_locale":"en_US","og_type":"article","og_title":"01 \u0110I\u1ec6N BI\u00caN PH\u1ee6, PH\u01af\u1edcNG 3, TH\u00c0NH PH\u1ed0 TR\u00c0 VINH","og_description":"NCC SKYCOM Khu v\u1ef1c TR\u00c0 VINH K\u00edch th\u01b0\u1edbc 24m (Ngang) x 10m (Cao) x 01 m\u1eb7t = 240 m2 M\u00f4 t\u1ea3 T\u1ecda l\u1ea1c t\u1ea1i ngay v\u00f2ng xoay \u0110i\u1ec7n Bi\u00ean Ph\u1ee7, v\u00f2ng xoay trung t\u00e2m nh\u1ea5t c\u1ee7a Th\u00e0nh ph\u1ed1 Tr\u00e0 Vinh. C\u1ea1nh ch\u1ee3 Tr\u00e0 Vinh, VNPT Tr\u00e0 Vinh, C\u00f4ng vi\u00ean Tr\u00e0 Vinh, \u0110\u00e0i truy\u1ec1n thanh TP. [...]","og_url":"https:\/\/goldenway.ai\/en\/product\/01-dien-bien-phu-tra-vinh\/","og_site_name":"GoldenWay","article_modified_time":"2025-07-10T07:03:50+00:00","og_image":[{"width":1600,"height":1054,"url":"https:\/\/goldenway.ai\/wp-content\/uploads\/2025\/07\/s-blob-v1-IMAGE-HXeYwoagF6I.jpg","type":"image\/jpeg"}],"twitter_card":"summary_large_image","twitter_misc":{"Est. reading time":"1 minute"},"schema":{"@context":"https:\/\/schema.org","@graph":[{"@type":"WebPage","@id":"https:\/\/goldenway.ai\/product\/01-dien-bien-phu-tra-vinh\/","url":"https:\/\/goldenway.ai\/product\/01-dien-bien-phu-tra-vinh\/","name":"01 \u0110I\u1ec6N BI\u00caN PH\u1ee6, PH\u01af\u1edcNG 3, TH\u00c0NH PH\u1ed0 TR\u00c0 VINH - GoldenWay","isPartOf":{"@id":"https:\/\/goldenway.ai\/#website"},"primaryImageOfPage":{"@id":"https:\/\/goldenway.ai\/product\/01-dien-bien-phu-tra-vinh\/#primaryimage"},"image":{"@id":"https:\/\/goldenway.ai\/product\/01-dien-bien-phu-tra-vinh\/#primaryimage"},"thumbnailUrl":"https:\/\/goldenway.ai\/wp-content\/uploads\/2025\/07\/s-blob-v1-IMAGE-HXeYwoagF6I.jpg","datePublished":"2025-07-10T02:27:40+00:00","dateModified":"2025-07-10T07:03:50+00:00","breadcrumb":{"@id":"https:\/\/goldenway.ai\/product\/01-dien-bien-phu-tra-vinh\/#breadcrumb"},"inLanguage":"en-US","potentialAction":[{"@type":"ReadAction","target":["https:\/\/goldenway.ai\/product\/01-dien-bien-phu-tra-vinh\/"]}]},{"@type":"ImageObject","inLanguage":"en-US","@id":"https:\/\/goldenway.ai\/product\/01-dien-bien-phu-tra-vinh\/#primaryimage","url":"https:\/\/goldenway.ai\/wp-content\/uploads\/2025\/07\/s-blob-v1-IMAGE-HXeYwoagF6I.jpg","contentUrl":"https:\/\/goldenway.ai\/wp-content\/uploads\/2025\/07\/s-blob-v1-IMAGE-HXeYwoagF6I.jpg","width":1600,"height":1054},{"@type":"BreadcrumbList","@id":"https:\/\/goldenway.ai\/product\/01-dien-bien-phu-tra-vinh\/#breadcrumb","itemListElement":[{"@type":"ListItem","position":1,"name":"Trang ch\u1ee7","item":"https:\/\/goldenway.ai\/"},{"@type":"ListItem","position":2,"name":"S\u1ea3n ph\u1ea9m","item":"https:\/\/goldenway.ai\/shop\/"},{"@type":"ListItem","position":3,"name":"01 \u0110I\u1ec6N BI\u00caN PH\u1ee6, PH\u01af\u1edcNG 3, TH\u00c0NH PH\u1ed0 TR\u00c0 VINH"}]},{"@type":"WebSite","@id":"https:\/\/goldenway.ai\/#website","url":"https:\/\/goldenway.ai\/","name":"GoldenWay","description":"Ooh","publisher":{"@id":"https:\/\/goldenway.ai\/#organization"},"potentialAction":[{"@type":"SearchAction","target":{"@type":"EntryPoint","urlTemplate":"https:\/\/goldenway.ai\/?s={search_term_string}"},"query-input":{"@type":"PropertyValueSpecification","valueRequired":true,"valueName":"search_term_string"}}],"inLanguage":"en-US"},{"@type":"Organization","@id":"https:\/\/goldenway.ai\/#organization","name":"GoldenWay","url":"https:\/\/goldenway.ai\/","logo":{"@type":"ImageObject","inLanguage":"en-US","@id":"https:\/\/goldenway.ai\/#\/schema\/logo\/image\/","url":"https:\/\/goldenway.ai\/wp-content\/uploads\/2025\/06\/lOGO-1-1.png","contentUrl":"https:\/\/goldenway.ai\/wp-content\/uploads\/2025\/06\/lOGO-1-1.png","width":1210,"height":570,"caption":"GoldenWay"},"image":{"@id":"https:\/\/goldenway.ai\/#\/schema\/logo\/image\/"}}]}},"_links":{"self":[{"href":"https:\/\/goldenway.ai\/en\/wp-json\/wp\/v2\/product\/558","targetHints":{"allow":["GET"]}}],"collection":[{"href":"https:\/\/goldenway.ai\/en\/wp-json\/wp\/v2\/product"}],"about":[{"href":"https:\/\/goldenway.ai\/en\/wp-json\/wp\/v2\/types\/product"}],"replies":[{"embeddable":true,"href":"https:\/\/goldenway.ai\/en\/wp-json\/wp\/v2\/comments?post=558"}],"wp:featuredmedia":[{"embeddable":true,"href":"https:\/\/goldenway.ai\/en\/wp-json\/wp\/v2\/media\/555"}],"wp:attachment":[{"href":"https:\/\/goldenway.ai\/en\/wp-json\/wp\/v2\/media?parent=558"}],"wp:term":[{"taxonomy":"product_brand","embeddable":true,"href":"https:\/\/goldenway.ai\/en\/wp-json\/wp\/v2\/product_brand?post=558"},{"taxonomy":"product_cat","embeddable":true,"href":"https:\/\/goldenway.ai\/en\/wp-json\/wp\/v2\/product_cat?post=558"},{"taxonomy":"product_tag","embeddable":true,"href":"https:\/\/goldenway.ai\/en\/wp-json\/wp\/v2\/product_tag?post=558"}],"curies":[{"name":"wp","href":"https:\/\/api.w.org\/{rel}","templated":true}]}}